{"id":59,"date":"2020-01-06T23:53:20","date_gmt":"2020-01-06T22:53:20","guid":{"rendered":"http:\/\/leskiris.be\/?page_id=59"},"modified":"2022-09-17T19:27:34","modified_gmt":"2022-09-17T17:27:34","slug":"repetition","status":"publish","type":"page","link":"https:\/\/leskiris.be\/index.php\/repetition\/","title":{"rendered":"R\u00e9p\u00e9titions"},"content":{"rendered":"\n<p><strong><em>Comment nous trouver?<\/em><\/strong><\/p>\n\n\n\n<p>Nous r\u00e9p\u00e9tons tous les jeudis de 20h \u00e0 22h au Foyer culturel de Chapelle-lez-Herlaimont. Vous aimez le chant, la musique ? Vous chantez sous la douche ou dans votre voiture ? Venez donc nous rendre visite !<\/p>\n\n\n\n<p><a href=\"https:\/\/goo.gl\/maps\/jybfJ9KyLpmdaCicA\">https:\/\/goo.gl\/maps\/jybfJ9KyLpmdaCicA<\/a><\/p>\n\n\n<div class=\"brz-root__container brz-reset-all\">\n<div class=\"brz-root__container-after\">\n<p><em><strong>Comment travaillons-nous ?<\/strong><\/em><\/p>\n<p>Les chants sont \u00e9tudi\u00e9s sous la direction de Vincent Auverdin \u00ab \u00e0 l\u2019oreille \u00bb pour certains, \u00e0 l\u2019aide de partitions pour d&rsquo;autres.<br \/>Il n\u2019est pas n\u00e9cessaire de conna\u00eetre la musique pour faire partie de la chorale, un peu de voix, la volont\u00e9 de bien faire, l\u2019envie de chanter sont les seuls pr\u00e9-requis.<\/p>\n<p>Les morceaux interpr\u00e9t\u00e9s\u00a0 soit\u00a0 par voix de synth\u00e8se soit par voix naturelle en mp3 sont disponibles sur ce site dans les pages r\u00e9serv\u00e9es aux choristes. Il est possible de t\u00e9l\u00e9charger les morceaux ou de les graver sur CD pour une \u00e9tude \u00e0 domicile.<br \/>Les quatre pupitres peuvent entendre et r\u00e9p\u00e9ter leurs voix, \u00e0 savoir ALTO, SOPRANO, T\u00c9NOR et BASSE.<\/p>\n<p>Prenez contact avec nous pour vous pr\u00e9senter \u00e0 l\u2019une de nos r\u00e9p\u00e9titions, vous y assisterez et pourrez vous essayer \u00e0 l\u2019apprentissage du chant.<\/p>\n<\/div>\n<\/div>\n<div class=\"brz-root__container\">\u00a0<\/div>\n\n\n<figure class=\"wp-block-image size-large\"><img loading=\"lazy\" decoding=\"async\" width=\"1024\" height=\"254\" src=\"https:\/\/leskiris.be\/wp-content\/uploads\/2020\/01\/facebook_1579524535571-1024x254.jpg\" alt=\"\" class=\"wp-image-755\" srcset=\"https:\/\/leskiris.be\/wp-content\/uploads\/2020\/01\/facebook_1579524535571-1024x254.jpg 1024w, https:\/\/leskiris.be\/wp-content\/uploads\/2020\/01\/facebook_1579524535571-300x74.jpg 300w, https:\/\/leskiris.be\/wp-content\/uploads\/2020\/01\/facebook_1579524535571-768x191.jpg 768w, https:\/\/leskiris.be\/wp-content\/uploads\/2020\/01\/facebook_1579524535571.jpg 1128w\" sizes=\"auto, (max-width: 1024px) 100vw, 1024px\" \/><figcaption><strong><em><a href=\"https:\/\/leskiris.be\/wp-content\/uploads\/2020\/01\/facebook_1579524535571.jpg\">Le travail est s\u00e9rieux mais tr\u00e8s agr\u00e9able !<\/a><\/em><\/strong><\/figcaption><\/figure>\n","protected":false},"excerpt":{"rendered":"<p>Comment nous trouver? Nous r\u00e9p\u00e9tons tous les jeudis de 20h \u00e0 22h au Foyer culturel de Chapelle-lez-Herlaimont. Vous aimez le chant, la musique ? Vous chantez sous la douche ou dans votre voiture ? Venez donc nous rendre visite ! https:\/\/goo.gl\/maps\/jybfJ9KyLpmdaCicA Comment travaillons-nous ? Les chants sont \u00e9tudi\u00e9s sous la direction de Vincent Auverdin \u00ab &hellip; <a href=\"https:\/\/leskiris.be\/index.php\/repetition\/\" class=\"more-link\">Continuer la lecture de <span class=\"screen-reader-text\">R\u00e9p\u00e9titions<\/span> <span class=\"meta-nav\">&rarr;<\/span><\/a><\/p>\n","protected":false},"author":1,"featured_media":0,"parent":0,"menu_order":0,"comment_status":"closed","ping_status":"closed","template":"","meta":{"two_page_speed":[],"footnotes":""},"class_list":["post-59","page","type-page","status-publish","hentry"],"brizy_attachment_focal_point":"","brizy_media":[],"_links":{"self":[{"href":"https:\/\/leskiris.be\/index.php\/wp-json\/wp\/v2\/pages\/59","targetHints":{"allow":["GET"]}}],"collection":[{"href":"https:\/\/leskiris.be\/index.php\/wp-json\/wp\/v2\/pages"}],"about":[{"href":"https:\/\/leskiris.be\/index.php\/wp-json\/wp\/v2\/types\/page"}],"author":[{"embeddable":true,"href":"https:\/\/leskiris.be\/index.php\/wp-json\/wp\/v2\/users\/1"}],"replies":[{"embeddable":true,"href":"https:\/\/leskiris.be\/index.php\/wp-json\/wp\/v2\/comments?post=59"}],"version-history":[{"count":39,"href":"https:\/\/leskiris.be\/index.php\/wp-json\/wp\/v2\/pages\/59\/revisions"}],"predecessor-version":[{"id":1541,"href":"https:\/\/leskiris.be\/index.php\/wp-json\/wp\/v2\/pages\/59\/revisions\/1541"}],"wp:attachment":[{"href":"https:\/\/leskiris.be\/index.php\/wp-json\/wp\/v2\/media?parent=59"}],"curies":[{"name":"wp","href":"https:\/\/api.w.org\/{rel}","templated":true}]}}